{"id":1881,"date":"2022-10-19T09:26:29","date_gmt":"2022-10-19T09:26:29","guid":{"rendered":"https:\/\/tgmsrl.com\/tgm-meccanica-di-precisone\/"},"modified":"2025-09-03T14:35:08","modified_gmt":"2025-09-03T14:35:08","slug":"tgm-meccanica-di-precisone","status":"publish","type":"page","link":"https:\/\/www.tgmmeccanicadiprecisione.it\/de\/","title":{"rendered":"Pr\u00e4zisionsbearbeitung"},"content":{"rendered":"","protected":false},"excerpt":{"rendered":"","protected":false},"author":1,"featured_media":0,"parent":0,"menu_order":0,"comment_status":"closed","ping_status":"closed","template":"","meta":{"_et_pb_use_builder":"on","_et_pb_old_content":"","_et_gb_content_width":"","footnotes":""},"class_list":["post-1881","page","type-page","status-publish","hentry"],"yoast_head":"<!-- This site is optimized with the Yoast SEO plugin v20.1 - https:\/\/yoast.com\/wordpress\/plugins\/seo\/ -->\n<title>Pr\u00e4zisionsbearbeitung &mdash; TGM<\/title>\n<meta name=\"description\" content=\"Das Unternehmen ist auf die Bearbeitung und Lieferung mechanischer Pr\u00e4zisionsteile spezialisiert und f\u00fchrt Lohnarbeiten und W\u00e4rmebehandlungen durch...\" \/>\n<meta name=\"robots\" content=\"index, follow, max-snippet:-1, max-image-preview:large, max-video-preview:-1\" \/>\n<link rel=\"canonical\" href=\"https:\/\/tgmsrl.com\/de\/\" \/>\n<meta property=\"og:locale\" content=\"de_DE\" \/>\n<meta property=\"og:type\" content=\"article\" \/>\n<meta property=\"og:title\" content=\"Pr\u00e4zisionsbearbeitung &mdash; TGM\" \/>\n<meta property=\"og:description\" content=\"Das Unternehmen ist auf die Bearbeitung und Lieferung mechanischer Pr\u00e4zisionsteile spezialisiert und f\u00fchrt Lohnarbeiten und W\u00e4rmebehandlungen durch...\" \/>\n<meta property=\"og:url\" content=\"https:\/\/tgmsrl.com\/de\/\" \/>\n<meta property=\"og:site_name\" content=\"TGM\" \/>\n<meta property=\"article:modified_time\" content=\"2025-09-03T14:35:08+00:00\" \/>\n<script type=\"application\/ld+json\" class=\"yoast-schema-graph\">{\"@context\":\"https:\/\/schema.org\",\"@graph\":[{\"@type\":\"WebPage\",\"@id\":\"https:\/\/tgmsrl.com\/de\/\",\"url\":\"https:\/\/tgmsrl.com\/de\/\",\"name\":\"Pr\u00e4zisionsbearbeitung &mdash; TGM\",\"isPartOf\":{\"@id\":\"https:\/\/tgmmeccanicadiprecisione.it\/#website\"},\"datePublished\":\"2022-10-19T09:26:29+00:00\",\"dateModified\":\"2025-09-03T14:35:08+00:00\",\"description\":\"Das Unternehmen ist auf die Bearbeitung und Lieferung mechanischer Pr\u00e4zisionsteile spezialisiert und f\u00fchrt Lohnarbeiten und W\u00e4rmebehandlungen durch...\",\"breadcrumb\":{\"@id\":\"https:\/\/tgmsrl.com\/de\/#breadcrumb\"},\"inLanguage\":\"de\",\"potentialAction\":[{\"@type\":\"ReadAction\",\"target\":[\"https:\/\/tgmsrl.com\/de\/\"]}]},{\"@type\":\"BreadcrumbList\",\"@id\":\"https:\/\/tgmsrl.com\/de\/#breadcrumb\",\"itemListElement\":[{\"@type\":\"ListItem\",\"position\":1,\"name\":\"Home\",\"item\":\"https:\/\/tgmsrl.com\/de\/\"},{\"@type\":\"ListItem\",\"position\":2,\"name\":\"Pr\u00e4zisionsbearbeitung\"}]},{\"@type\":\"WebSite\",\"@id\":\"https:\/\/tgmmeccanicadiprecisione.it\/#website\",\"url\":\"https:\/\/tgmmeccanicadiprecisione.it\/\",\"name\":\"TGM\",\"description\":\"Lavorazioni meccaniche di precisione\",\"publisher\":{\"@id\":\"https:\/\/tgmmeccanicadiprecisione.it\/#organization\"},\"alternateName\":\"TGM Meccanica di precisione\",\"potentialAction\":[{\"@type\":\"SearchAction\",\"target\":{\"@type\":\"EntryPoint\",\"urlTemplate\":\"https:\/\/tgmmeccanicadiprecisione.it\/?s={search_term_string}\"},\"query-input\":\"required name=search_term_string\"}],\"inLanguage\":\"de\"},{\"@type\":\"Organization\",\"@id\":\"https:\/\/tgmmeccanicadiprecisione.it\/#organization\",\"name\":\"TGM\",\"alternateName\":\"TGM Lavorazioni meccaniche di precisione\",\"url\":\"https:\/\/tgmmeccanicadiprecisione.it\/\",\"logo\":{\"@type\":\"ImageObject\",\"inLanguage\":\"de\",\"@id\":\"https:\/\/tgmmeccanicadiprecisione.it\/#\/schema\/logo\/image\/\",\"url\":\"https:\/\/tgmsrl.com\/wp-content\/uploads\/2022\/12\/cropped-logo-icona-sito.png\",\"contentUrl\":\"https:\/\/tgmsrl.com\/wp-content\/uploads\/2022\/12\/cropped-logo-icona-sito.png\",\"width\":512,\"height\":512,\"caption\":\"TGM\"},\"image\":{\"@id\":\"https:\/\/tgmmeccanicadiprecisione.it\/#\/schema\/logo\/image\/\"}}]}<\/script>\n<!-- \/ Yoast SEO plugin. -->","yoast_head_json":{"title":"Pr\u00e4zisionsbearbeitung &mdash; TGM","description":"Das Unternehmen ist auf die Bearbeitung und Lieferung mechanischer Pr\u00e4zisionsteile spezialisiert und f\u00fchrt Lohnarbeiten und W\u00e4rmebehandlungen durch...","robots":{"index":"index","follow":"follow","max-snippet":"max-snippet:-1","max-image-preview":"max-image-preview:large","max-video-preview":"max-video-preview:-1"},"canonical":"https:\/\/tgmsrl.com\/de\/","og_locale":"de_DE","og_type":"article","og_title":"Pr\u00e4zisionsbearbeitung &mdash; TGM","og_description":"Das Unternehmen ist auf die Bearbeitung und Lieferung mechanischer Pr\u00e4zisionsteile spezialisiert und f\u00fchrt Lohnarbeiten und W\u00e4rmebehandlungen durch...","og_url":"https:\/\/tgmsrl.com\/de\/","og_site_name":"TGM","article_modified_time":"2025-09-03T14:35:08+00:00","schema":{"@context":"https:\/\/schema.org","@graph":[{"@type":"WebPage","@id":"https:\/\/tgmsrl.com\/de\/","url":"https:\/\/tgmsrl.com\/de\/","name":"Pr\u00e4zisionsbearbeitung &mdash; TGM","isPartOf":{"@id":"https:\/\/tgmmeccanicadiprecisione.it\/#website"},"datePublished":"2022-10-19T09:26:29+00:00","dateModified":"2025-09-03T14:35:08+00:00","description":"Das Unternehmen ist auf die Bearbeitung und Lieferung mechanischer Pr\u00e4zisionsteile spezialisiert und f\u00fchrt Lohnarbeiten und W\u00e4rmebehandlungen durch...","breadcrumb":{"@id":"https:\/\/tgmsrl.com\/de\/#breadcrumb"},"inLanguage":"de","potentialAction":[{"@type":"ReadAction","target":["https:\/\/tgmsrl.com\/de\/"]}]},{"@type":"BreadcrumbList","@id":"https:\/\/tgmsrl.com\/de\/#breadcrumb","itemListElement":[{"@type":"ListItem","position":1,"name":"Home","item":"https:\/\/tgmsrl.com\/de\/"},{"@type":"ListItem","position":2,"name":"Pr\u00e4zisionsbearbeitung"}]},{"@type":"WebSite","@id":"https:\/\/tgmmeccanicadiprecisione.it\/#website","url":"https:\/\/tgmmeccanicadiprecisione.it\/","name":"TGM","description":"Lavorazioni meccaniche di precisione","publisher":{"@id":"https:\/\/tgmmeccanicadiprecisione.it\/#organization"},"alternateName":"TGM Meccanica di precisione","potentialAction":[{"@type":"SearchAction","target":{"@type":"EntryPoint","urlTemplate":"https:\/\/tgmmeccanicadiprecisione.it\/?s={search_term_string}"},"query-input":"required name=search_term_string"}],"inLanguage":"de"},{"@type":"Organization","@id":"https:\/\/tgmmeccanicadiprecisione.it\/#organization","name":"TGM","alternateName":"TGM Lavorazioni meccaniche di precisione","url":"https:\/\/tgmmeccanicadiprecisione.it\/","logo":{"@type":"ImageObject","inLanguage":"de","@id":"https:\/\/tgmmeccanicadiprecisione.it\/#\/schema\/logo\/image\/","url":"https:\/\/tgmsrl.com\/wp-content\/uploads\/2022\/12\/cropped-logo-icona-sito.png","contentUrl":"https:\/\/tgmsrl.com\/wp-content\/uploads\/2022\/12\/cropped-logo-icona-sito.png","width":512,"height":512,"caption":"TGM"},"image":{"@id":"https:\/\/tgmmeccanicadiprecisione.it\/#\/schema\/logo\/image\/"}}]}},"_links":{"self":[{"href":"https:\/\/www.tgmmeccanicadiprecisione.it\/de\/wp-json\/wp\/v2\/pages\/1881","targetHints":{"allow":["GET"]}}],"collection":[{"href":"https:\/\/www.tgmmeccanicadiprecisione.it\/de\/wp-json\/wp\/v2\/pages"}],"about":[{"href":"https:\/\/www.tgmmeccanicadiprecisione.it\/de\/wp-json\/wp\/v2\/types\/page"}],"author":[{"embeddable":true,"href":"https:\/\/www.tgmmeccanicadiprecisione.it\/de\/wp-json\/wp\/v2\/users\/1"}],"replies":[{"embeddable":true,"href":"https:\/\/www.tgmmeccanicadiprecisione.it\/de\/wp-json\/wp\/v2\/comments?post=1881"}],"version-history":[{"count":6,"href":"https:\/\/www.tgmmeccanicadiprecisione.it\/de\/wp-json\/wp\/v2\/pages\/1881\/revisions"}],"predecessor-version":[{"id":2545,"href":"https:\/\/www.tgmmeccanicadiprecisione.it\/de\/wp-json\/wp\/v2\/pages\/1881\/revisions\/2545"}],"wp:attachment":[{"href":"https:\/\/www.tgmmeccanicadiprecisione.it\/de\/wp-json\/wp\/v2\/media?parent=1881"}],"curies":[{"name":"wp","href":"https:\/\/api.w.org\/{rel}","templated":true}]}}