{"id":1927,"date":"2022-10-19T09:29:17","date_gmt":"2022-10-19T09:29:17","guid":{"rendered":"https:\/\/tgmsrl.com\/tgm-qualitaetslieferant-fuer-mechanische-praezisionsbearbeitung\/tgm-storia-aziendale\/"},"modified":"2025-09-03T14:27:31","modified_gmt":"2025-09-03T14:27:31","slug":"geschichte","status":"publish","type":"page","link":"https:\/\/www.tgmmeccanicadiprecisione.it\/de\/tgm-qualitaetslieferant-fuer-mechanische-praezisionsbearbeitung\/geschichte\/","title":{"rendered":"Geschichte"},"content":{"rendered":"\n<p>&#8230;Die Geschichte dieser industriellen Realit\u00e4t begann 1965 mit Emidio Grosoli, dessen Hauptakteure die Familie des Gr\u00fcnders ist, die das Unternehmen seit jeher leitet.<\/p>\n\n\n\n<p>In den ersten Jahren lag der Schwerpunkt auf der Herstellung von mechanischen Pr\u00e4zisionskomponenten f\u00fcr den Gaskochersektor und die Hydraulik, sp\u00e4ter kamen mechanische Komponenten f\u00fcr die Landwirtschaft und den Automobilsektor hinzu.<\/p>\n\n\n\n<p>Da die Anzahl der Kunden und der zu bedienenden Sektoren zugenommen hat, konnte TGM durch gezielte Investitionen den Maschinenpark aufr\u00fcsten, die Qualit\u00e4t der Produktion st\u00e4ndig verbessern und die Produktionskapazit\u00e4t erh\u00f6hen, um die Nachfrage mit dem richtigen Timing und der richtigen Qualit\u00e4t zu erf\u00fcllen.<\/p>\n\n\n\n<p>Heute wird TGM von den Kindern und Enkelkindern des Gr\u00fcnders gef\u00fchrt und ist ein mittelst\u00e4ndisches Unternehmen, das weltweit f\u00fchrende Unternehmen bedient.<\/p>\n\n\n\n<div style=\"height:50px\" aria-hidden=\"true\" class=\"wp-block-spacer\"><\/div>\n\n\n\n<figure class=\"wp-block-gallery has-nested-images columns-default is-cropped wp-block-gallery-1 is-layout-flex wp-block-gallery-is-layout-flex\">\n<figure class=\"wp-block-image size-large\"><img loading=\"lazy\" decoding=\"async\" width=\"530\" height=\"400\" data-id=\"879\" src=\"https:\/\/tgmmeccanicadiprecisione.it\/wp-content\/uploads\/2022\/12\/Fresa2-Storia_TGM.png\" alt=\"\" class=\"wp-image-879\" srcset=\"https:\/\/tgmmeccanicadiprecisione.it\/wp-content\/uploads\/2022\/12\/Fresa2-Storia_TGM.png 530w, https:\/\/tgmmeccanicadiprecisione.it\/wp-content\/uploads\/2022\/12\/Fresa2-Storia_TGM-480x362.png 480w\" sizes=\"auto, (min-width: 0px) and (max-width: 480px) 480px, (min-width: 481px) 530px, 100vw\" \/><\/figure>\n\n\n\n<figure class=\"wp-block-image size-large\"><img loading=\"lazy\" decoding=\"async\" width=\"530\" height=\"400\" data-id=\"880\" src=\"https:\/\/tgmmeccanicadiprecisione.it\/wp-content\/uploads\/2022\/12\/FRESA1.jpg\" alt=\"\" class=\"wp-image-880\" srcset=\"https:\/\/tgmmeccanicadiprecisione.it\/wp-content\/uploads\/2022\/12\/FRESA1.jpg 530w, https:\/\/tgmmeccanicadiprecisione.it\/wp-content\/uploads\/2022\/12\/FRESA1-480x362.jpg 480w\" sizes=\"auto, (min-width: 0px) and (max-width: 480px) 480px, (min-width: 481px) 530px, 100vw\" \/><\/figure>\n<\/figure>\n","protected":false},"excerpt":{"rendered":"<p>&#8230;Die Geschichte dieser industriellen Realit\u00e4t begann 1965 mit Emidio Grosoli, dessen Hauptakteure die Familie des Gr\u00fcnders ist, die das Unternehmen seit jeher leitet. In den ersten Jahren lag der Schwerpunkt auf der Herstellung von mechanischen Pr\u00e4zisionskomponenten f\u00fcr den Gaskochersektor und die Hydraulik, sp\u00e4ter kamen mechanische Komponenten f\u00fcr die Landwirtschaft und den Automobilsektor hinzu. Da die [&hellip;]<\/p>\n","protected":false},"author":1,"featured_media":1758,"parent":1914,"menu_order":0,"comment_status":"closed","ping_status":"closed","template":"","meta":{"_et_pb_use_builder":"off","_et_pb_old_content":"","_et_gb_content_width":"","footnotes":""},"class_list":["post-1927","page","type-page","status-publish","has-post-thumbnail","hentry"],"yoast_head":"<!-- This site is optimized with the Yoast SEO plugin v20.1 - https:\/\/yoast.com\/wordpress\/plugins\/seo\/ -->\n<title>Geschichte &mdash; TGM<\/title>\n<meta name=\"description\" content=\"Die Geschichte dieses Industrieunternehmens konzentrierte sich haupts\u00e4chlich auf die Herstellung feinmechanischer Komponenten...\" \/>\n<meta name=\"robots\" content=\"index, follow, max-snippet:-1, max-image-preview:large, max-video-preview:-1\" \/>\n<link rel=\"canonical\" href=\"https:\/\/www.tgmmeccanicadiprecisione.it\/de\/tgm-qualitaetslieferant-fuer-mechanische-praezisionsbearbeitung\/geschichte\/\" \/>\n<meta property=\"og:locale\" content=\"de_DE\" \/>\n<meta property=\"og:type\" content=\"article\" \/>\n<meta property=\"og:title\" content=\"Geschichte &mdash; TGM\" \/>\n<meta property=\"og:description\" content=\"Die Geschichte dieses Industrieunternehmens konzentrierte sich haupts\u00e4chlich auf die Herstellung feinmechanischer Komponenten...\" \/>\n<meta property=\"og:url\" content=\"https:\/\/www.tgmmeccanicadiprecisione.it\/de\/tgm-qualitaetslieferant-fuer-mechanische-praezisionsbearbeitung\/geschichte\/\" \/>\n<meta property=\"og:site_name\" content=\"TGM\" \/>\n<meta property=\"article:modified_time\" content=\"2025-09-03T14:27:31+00:00\" \/>\n<meta property=\"og:image\" content=\"https:\/\/www.tgmmeccanicadiprecisione.it\/wp-content\/uploads\/2022\/11\/Foto-Vecchia-Sede-e1667494498365.jpg\" \/>\n\t<meta property=\"og:image:width\" content=\"1050\" \/>\n\t<meta property=\"og:image:height\" content=\"304\" \/>\n\t<meta property=\"og:image:type\" content=\"image\/jpeg\" \/>\n<script type=\"application\/ld+json\" class=\"yoast-schema-graph\">{\"@context\":\"https:\/\/schema.org\",\"@graph\":[{\"@type\":\"WebPage\",\"@id\":\"https:\/\/www.tgmmeccanicadiprecisione.it\/de\/tgm-qualitaetslieferant-fuer-mechanische-praezisionsbearbeitung\/geschichte\/\",\"url\":\"https:\/\/www.tgmmeccanicadiprecisione.it\/de\/tgm-qualitaetslieferant-fuer-mechanische-praezisionsbearbeitung\/geschichte\/\",\"name\":\"Geschichte &mdash; TGM\",\"isPartOf\":{\"@id\":\"https:\/\/tgmmeccanicadiprecisione.it\/#website\"},\"datePublished\":\"2022-10-19T09:29:17+00:00\",\"dateModified\":\"2025-09-03T14:27:31+00:00\",\"description\":\"Die Geschichte dieses Industrieunternehmens konzentrierte sich haupts\u00e4chlich auf die Herstellung feinmechanischer Komponenten...\",\"breadcrumb\":{\"@id\":\"https:\/\/www.tgmmeccanicadiprecisione.it\/de\/tgm-qualitaetslieferant-fuer-mechanische-praezisionsbearbeitung\/geschichte\/#breadcrumb\"},\"inLanguage\":\"de\",\"potentialAction\":[{\"@type\":\"ReadAction\",\"target\":[\"https:\/\/www.tgmmeccanicadiprecisione.it\/de\/tgm-qualitaetslieferant-fuer-mechanische-praezisionsbearbeitung\/geschichte\/\"]}]},{\"@type\":\"BreadcrumbList\",\"@id\":\"https:\/\/www.tgmmeccanicadiprecisione.it\/de\/tgm-qualitaetslieferant-fuer-mechanische-praezisionsbearbeitung\/geschichte\/#breadcrumb\",\"itemListElement\":[{\"@type\":\"ListItem\",\"position\":1,\"name\":\"Home\",\"item\":\"https:\/\/mail.tgmmeccanicadiprecisione.it\/de\/\"},{\"@type\":\"ListItem\",\"position\":2,\"name\":\"Das unternehmen\",\"item\":\"https:\/\/mail.tgmmeccanicadiprecisione.it\/de\/tgm-qualitaetslieferant-fuer-mechanische-praezisionsbearbeitung\/\"},{\"@type\":\"ListItem\",\"position\":3,\"name\":\"Geschichte\"}]},{\"@type\":\"WebSite\",\"@id\":\"https:\/\/tgmmeccanicadiprecisione.it\/#website\",\"url\":\"https:\/\/tgmmeccanicadiprecisione.it\/\",\"name\":\"TGM\",\"description\":\"Lavorazioni meccaniche di precisione\",\"publisher\":{\"@id\":\"https:\/\/tgmmeccanicadiprecisione.it\/#organization\"},\"alternateName\":\"TGM Meccanica di precisione\",\"potentialAction\":[{\"@type\":\"SearchAction\",\"target\":{\"@type\":\"EntryPoint\",\"urlTemplate\":\"https:\/\/tgmmeccanicadiprecisione.it\/?s={search_term_string}\"},\"query-input\":\"required name=search_term_string\"}],\"inLanguage\":\"de\"},{\"@type\":\"Organization\",\"@id\":\"https:\/\/tgmmeccanicadiprecisione.it\/#organization\",\"name\":\"TGM\",\"alternateName\":\"TGM Lavorazioni meccaniche di precisione\",\"url\":\"https:\/\/tgmmeccanicadiprecisione.it\/\",\"logo\":{\"@type\":\"ImageObject\",\"inLanguage\":\"de\",\"@id\":\"https:\/\/tgmmeccanicadiprecisione.it\/#\/schema\/logo\/image\/\",\"url\":\"https:\/\/tgmsrl.com\/wp-content\/uploads\/2022\/12\/cropped-logo-icona-sito.png\",\"contentUrl\":\"https:\/\/tgmsrl.com\/wp-content\/uploads\/2022\/12\/cropped-logo-icona-sito.png\",\"width\":512,\"height\":512,\"caption\":\"TGM\"},\"image\":{\"@id\":\"https:\/\/tgmmeccanicadiprecisione.it\/#\/schema\/logo\/image\/\"}}]}<\/script>\n<!-- \/ Yoast SEO plugin. -->","yoast_head_json":{"title":"Geschichte &mdash; TGM","description":"Die Geschichte dieses Industrieunternehmens konzentrierte sich haupts\u00e4chlich auf die Herstellung feinmechanischer Komponenten...","robots":{"index":"index","follow":"follow","max-snippet":"max-snippet:-1","max-image-preview":"max-image-preview:large","max-video-preview":"max-video-preview:-1"},"canonical":"https:\/\/www.tgmmeccanicadiprecisione.it\/de\/tgm-qualitaetslieferant-fuer-mechanische-praezisionsbearbeitung\/geschichte\/","og_locale":"de_DE","og_type":"article","og_title":"Geschichte &mdash; TGM","og_description":"Die Geschichte dieses Industrieunternehmens konzentrierte sich haupts\u00e4chlich auf die Herstellung feinmechanischer Komponenten...","og_url":"https:\/\/www.tgmmeccanicadiprecisione.it\/de\/tgm-qualitaetslieferant-fuer-mechanische-praezisionsbearbeitung\/geschichte\/","og_site_name":"TGM","article_modified_time":"2025-09-03T14:27:31+00:00","og_image":[{"width":1050,"height":304,"url":"https:\/\/www.tgmmeccanicadiprecisione.it\/wp-content\/uploads\/2022\/11\/Foto-Vecchia-Sede-e1667494498365.jpg","type":"image\/jpeg"}],"schema":{"@context":"https:\/\/schema.org","@graph":[{"@type":"WebPage","@id":"https:\/\/www.tgmmeccanicadiprecisione.it\/de\/tgm-qualitaetslieferant-fuer-mechanische-praezisionsbearbeitung\/geschichte\/","url":"https:\/\/www.tgmmeccanicadiprecisione.it\/de\/tgm-qualitaetslieferant-fuer-mechanische-praezisionsbearbeitung\/geschichte\/","name":"Geschichte &mdash; TGM","isPartOf":{"@id":"https:\/\/tgmmeccanicadiprecisione.it\/#website"},"datePublished":"2022-10-19T09:29:17+00:00","dateModified":"2025-09-03T14:27:31+00:00","description":"Die Geschichte dieses Industrieunternehmens konzentrierte sich haupts\u00e4chlich auf die Herstellung feinmechanischer Komponenten...","breadcrumb":{"@id":"https:\/\/www.tgmmeccanicadiprecisione.it\/de\/tgm-qualitaetslieferant-fuer-mechanische-praezisionsbearbeitung\/geschichte\/#breadcrumb"},"inLanguage":"de","potentialAction":[{"@type":"ReadAction","target":["https:\/\/www.tgmmeccanicadiprecisione.it\/de\/tgm-qualitaetslieferant-fuer-mechanische-praezisionsbearbeitung\/geschichte\/"]}]},{"@type":"BreadcrumbList","@id":"https:\/\/www.tgmmeccanicadiprecisione.it\/de\/tgm-qualitaetslieferant-fuer-mechanische-praezisionsbearbeitung\/geschichte\/#breadcrumb","itemListElement":[{"@type":"ListItem","position":1,"name":"Home","item":"https:\/\/mail.tgmmeccanicadiprecisione.it\/de\/"},{"@type":"ListItem","position":2,"name":"Das unternehmen","item":"https:\/\/mail.tgmmeccanicadiprecisione.it\/de\/tgm-qualitaetslieferant-fuer-mechanische-praezisionsbearbeitung\/"},{"@type":"ListItem","position":3,"name":"Geschichte"}]},{"@type":"WebSite","@id":"https:\/\/tgmmeccanicadiprecisione.it\/#website","url":"https:\/\/tgmmeccanicadiprecisione.it\/","name":"TGM","description":"Lavorazioni meccaniche di precisione","publisher":{"@id":"https:\/\/tgmmeccanicadiprecisione.it\/#organization"},"alternateName":"TGM Meccanica di precisione","potentialAction":[{"@type":"SearchAction","target":{"@type":"EntryPoint","urlTemplate":"https:\/\/tgmmeccanicadiprecisione.it\/?s={search_term_string}"},"query-input":"required name=search_term_string"}],"inLanguage":"de"},{"@type":"Organization","@id":"https:\/\/tgmmeccanicadiprecisione.it\/#organization","name":"TGM","alternateName":"TGM Lavorazioni meccaniche di precisione","url":"https:\/\/tgmmeccanicadiprecisione.it\/","logo":{"@type":"ImageObject","inLanguage":"de","@id":"https:\/\/tgmmeccanicadiprecisione.it\/#\/schema\/logo\/image\/","url":"https:\/\/tgmsrl.com\/wp-content\/uploads\/2022\/12\/cropped-logo-icona-sito.png","contentUrl":"https:\/\/tgmsrl.com\/wp-content\/uploads\/2022\/12\/cropped-logo-icona-sito.png","width":512,"height":512,"caption":"TGM"},"image":{"@id":"https:\/\/tgmmeccanicadiprecisione.it\/#\/schema\/logo\/image\/"}}]}},"_links":{"self":[{"href":"https:\/\/www.tgmmeccanicadiprecisione.it\/de\/wp-json\/wp\/v2\/pages\/1927","targetHints":{"allow":["GET"]}}],"collection":[{"href":"https:\/\/www.tgmmeccanicadiprecisione.it\/de\/wp-json\/wp\/v2\/pages"}],"about":[{"href":"https:\/\/www.tgmmeccanicadiprecisione.it\/de\/wp-json\/wp\/v2\/types\/page"}],"author":[{"embeddable":true,"href":"https:\/\/www.tgmmeccanicadiprecisione.it\/de\/wp-json\/wp\/v2\/users\/1"}],"replies":[{"embeddable":true,"href":"https:\/\/www.tgmmeccanicadiprecisione.it\/de\/wp-json\/wp\/v2\/comments?post=1927"}],"version-history":[{"count":1,"href":"https:\/\/www.tgmmeccanicadiprecisione.it\/de\/wp-json\/wp\/v2\/pages\/1927\/revisions"}],"predecessor-version":[{"id":1929,"href":"https:\/\/www.tgmmeccanicadiprecisione.it\/de\/wp-json\/wp\/v2\/pages\/1927\/revisions\/1929"}],"up":[{"embeddable":true,"href":"https:\/\/www.tgmmeccanicadiprecisione.it\/de\/wp-json\/wp\/v2\/pages\/1914"}],"wp:featuredmedia":[{"embeddable":true,"href":"https:\/\/www.tgmmeccanicadiprecisione.it\/de\/wp-json\/wp\/v2\/media\/1758"}],"wp:attachment":[{"href":"https:\/\/www.tgmmeccanicadiprecisione.it\/de\/wp-json\/wp\/v2\/media?parent=1927"}],"curies":[{"name":"wp","href":"https:\/\/api.w.org\/{rel}","templated":true}]}}