{"id":1940,"date":"2022-12-05T10:56:36","date_gmt":"2022-12-05T10:56:36","guid":{"rendered":"https:\/\/tgmsrl.com\/tgm-qualitaetslieferant-fuer-mechanische-praezisionsbearbeitung\/politica-qualita-e-sostenibilita-produzione-aziendale\/"},"modified":"2025-09-03T14:29:21","modified_gmt":"2025-09-03T14:29:21","slug":"qualitaetspolitik-umwelt-nachhaltigkeit","status":"publish","type":"page","link":"https:\/\/www.tgmmeccanicadiprecisione.it\/de\/tgm-qualitaetslieferant-fuer-mechanische-praezisionsbearbeitung\/qualitaetspolitik-umwelt-nachhaltigkeit\/","title":{"rendered":"Qualit\u00e4tspolitik Umwelt Nachhaltigkeit"},"content":{"rendered":"\n<h2 class=\"wp-block-heading\">SCHUTZ DER UMWELT<\/h2>\n\n\n\n<p>Seit ihrer Gr\u00fcndung im Jahr 1965 hat die TGM Srl, ein Unternehmen des Maschinenbausektors, ihre organisatorischen Anstrengungen auf die Erreichung und Aufrechterhaltung eines hohen Qualit\u00e4tsniveaus der hergestellten Produkte, der durchgef\u00fchrten Verarbeitungen und der angebotenen Serviceleistungen sowie auf ihr Image und ihren Ruf als Unternehmen gerichtet und ist so zu einem fest in der Region verankerten Unternehmen geworden, das wichtige nationale und internationale Akteure bedient.<br>In diesem Sinne plant, organisiert und verwaltet die TGM Srl, die sich der Bedeutung nachhaltigkeitsorientierter Strategien und Organisationsmodelle f\u00fcr eine dauerhafte wirtschaftliche Entwicklung bewusst ist, ihre Aktivit\u00e4ten in einer Weise, die in die eigenen Gesch\u00e4ftsprozesse und -ziele sowie in die allgemeine Unternehmensf\u00fchrung integriert ist, um einen Beitrag zu leisten zu<br>\u25aa zum Schutz der Umwelt (Boden, Unterboden, Atmosph\u00e4re und Gew\u00e4sser) und der biologischen (Tiere und Pflanzen);<br>\u25aa die Vermeidung von Umweltverschmutzung;<br>\u25aa den Schutz der Gesundheit und Sicherheit der Arbeitnehmer<br>\u25aa Achtung der Rechte der Arbeitnehmer;<br>\u25aa Achtung der grundlegenden Menschenrechte;<br>\u25aa Einhaltung der verbindlichen Vorschriften, die f\u00fcr die T\u00e4tigkeiten, Prozesse, Produkte und Dienstleistungen des Unternehmens gelten;<br>\u25aa Erf\u00fcllung der Bed\u00fcrfnisse und Erwartungen der Stakeholder.<\/p>\n\n\n\n<div style=\"height:50px\" aria-hidden=\"true\" class=\"wp-block-spacer\"><\/div>\n\n\n\n<div class=\"wp-block-getwid-image-box has-text-center has-mobile-layout-default has-mobile-alignment-default\"><div class=\"wp-block-getwid-image-box__image-container is-position-top\"><div class=\"wp-block-getwid-image-box__image-wrapper\"><img loading=\"lazy\" decoding=\"async\" width=\"800\" height=\"453\" src=\"https:\/\/tgmsrl.com\/wp-content\/uploads\/2024\/10\/Tgm_Pannelli_Solari_WEB.jpg\" alt=\"\" class=\"wp-block-getwid-image-box__image wp-image-1363\" srcset=\"https:\/\/tgmsrl.com\/wp-content\/uploads\/2024\/10\/Tgm_Pannelli_Solari_WEB.jpg 800w, https:\/\/tgmsrl.com\/wp-content\/uploads\/2024\/10\/Tgm_Pannelli_Solari_WEB-480x272.jpg 480w\" sizes=\"auto, (min-width: 0px) and (max-width: 480px) 480px, (min-width: 481px) 800px, 100vw\" \/><\/div><\/div><div class=\"wp-block-getwid-image-box__content\">\n<h5 class=\"wp-block-heading\">T.G.M. hat im November 2023 eine Photovoltaikanlage mit einer Leistung von 195 KwP fertiggestellt und in Betrieb genommen. Die Anlage produziert etwa 40 % des Bedarfs des Unternehmens und reduziert damit die Nachfrage aus dem Netz, speist die an unproduktiven Tagen produzierte Energie ein und verringert die CO2-Produktion.<br>Co2-Produktion, ein weiterer Schritt des Unternehmens auf dem Weg zum Umweltschutz.<\/h5>\n<\/div><\/div>\n\n\n\n<div style=\"height:50px\" aria-hidden=\"true\" class=\"wp-block-spacer\"><\/div>\n\n\n\n<h2 class=\"wp-block-heading\">MISSION<\/h2>\n\n\n\n<p>Die TGM Srl sieht es als grundlegend an, bei der Umsetzung ihrer Qualit\u00e4ts- und Umweltpolitik:<br>\u25aa Das Unternehmen auf ein Niveau der Exzellenz der hergestellten Produkte, der ausgef\u00fchrten Arbeiten und der angebotenen Dienstleistungen zu bringen, das von einer immer gr\u00f6\u00dferen Zahl von Kunden gesch\u00e4tzt wird;<br>\u25aa Einf\u00fchrung und st\u00e4ndige Verbesserung eines Qualit\u00e4ts- und Umweltmanagementsystems, das den Normen UNI EN ISO 9001 und UNI EN ISO 14001 entspricht und von akkreditierten Dritten zertifiziert ist;<br>\u25aa Integration von spezifischen Ma\u00dfnahmen in die strategisch-operative Planung des Unternehmens, um<br>\u2192 die Bed\u00fcrfnisse und Erwartungen aller Beteiligten, die f\u00fcr die Erreichung der erwarteten Ergebnisse und Ziele von Bedeutung sind Ziele der Unternehmensverbesserung;<br>\u2192 die f\u00fcr die T\u00e4tigkeiten, Prozesse, Produkte und Dienstleistungen des Unternehmens ermittelten Risiken und Verbesserungsm\u00f6glichkeiten.<br>\u25aa sorgf\u00e4ltige Planung und rechtzeitige Kontrolle der Unternehmensaktivit\u00e4ten, die sich direkt auswirken auf:<br>\u2192 auf die Einhaltung der Anforderungen an die Produktqualit\u00e4t, unabh\u00e4ngig davon, ob diese intern aufgrund von Unternehmensentscheidungen entstehen oder von Kunden festgelegt werden;<br>\u2192 auf die Umweltauswirkungen und -leistungen des Unternehmens;<br>\u2192 die Einhaltung der f\u00fcr das Produkt, die Unternehmenst\u00e4tigkeit und die damit verbundenen Umweltauswirkungen geltenden verbindlichen Anforderungen;<br>\u25aa Annahme nur derjenigen Auftr\u00e4ge, bei denen die vollst\u00e4ndige Einhaltung der geltenden Qualit\u00e4ts- und Pflichtanforderungen gew\u00e4hrleistet werden kann, je nach Know-how und Ressourcen des Unternehmens;<br>\u25aa Eind\u00e4mmung von Verschwendung im Zusammenhang mit der Produktherstellung und -verarbeitung in Form von fehlerhaften Produkten, Zeitverlusten, Produktionsabf\u00e4llen und nicht wertsch\u00f6pfenden T\u00e4tigkeiten;<br>\u25aa Umsetzung eines verantwortungsvollen Beschaffungsprozesses auf der Grundlage von Recherche, Bewertung, Qualifizierung und sorgf\u00e4ltiger \u00dcberwachung der Lieferanten von Produkten und Dienstleistungen, basierend auf<br>\u2192 Auswirkungen und Kritikalit\u00e4t der Lieferungen auf:<\/p>\n\n\n\n<ul class=\"wp-block-list\">\n<li>Qualit\u00e4t der hergestellten Produkte, der geleisteten Arbeit und des erwarteten Dienstleistungsniveaus;<\/li>\n\n\n\n<li>die erwartete Umweltleistung des Unternehmens;<\/li>\n\n\n\n<li>Gesundheits- und Sicherheitsniveau der Arbeitnehmer.<\/li>\n<\/ul>\n\n\n\n<p>\u2192 Neigung zu einem auf Nachhaltigkeit ausgerichteten Unternehmensf\u00fchrungsmodell, das Produkt-, Dienstleistungs-, Prozess-, Organisations-, Wirtschafts-, Umwelt-, Arbeitsschutz- und soziale Aspekte integriert.<br>\u25aa Sensibilisierung der Lieferanten von Rohstoffen und der externen Weiterverarbeitung f\u00fcr ein nachhaltigkeitsorientiertes Unternehmensf\u00fchrungsmodell, das Produkt-, Dienstleistungs-, Prozess-, Organisations-, Wirtschafts-, Umwelt-, Arbeitsschutz- und Sozialaspekte integriert;<br>\u25aa Erforschung, Bewertung und sorgf\u00e4ltige \u00dcberwachung der Lieferanten von Produkten und Dienstleistungen, die als kritisch f\u00fcr die Qualit\u00e4t der hergestellten Produkte, f\u00fcr die Umweltleistung und f\u00fcr die Gesundheit und Sicherheit der Arbeitnehmer angesehen werden, wobei mit diesen Lieferanten eine Beziehung der gegenseitigen Zusammenarbeit und des Vertrauens aufgebaut wird, um eine kontinuierliche Verbesserung der Prozesse des Unternehmens und seiner Lieferanten zu erm\u00f6glichen;<br>\u25aa Gesch\u00e4ftspraktiken und -t\u00e4tigkeiten, die die Bed\u00fcrfnisse, Erwartungen und Rechte aller beteiligten Interessengruppen sowie die Anti-Korruptions-, Anti-Geldw\u00e4sche-, Anti-Monopol- und Exportgesetze in vollem Umfang ber\u00fccksichtigen, um<br>\u2192 zur F\u00f6rderung und zum Schutz eines wirksamen und konkreten Wettbewerbs auf dem Markt beizutragen;<br>\u2192 die Einhaltung von Embargos und \u00d6ko-Sanktionen zu gew\u00e4hrleisten;<br>\u2192 illegalen Handel zu vermeiden.<br>\u25aa Kundentreue durch:<br>\u2192 Konformit\u00e4t der Lieferungen in Bezug auf Produktqualit\u00e4t und -menge;<br>\u2192 Einhaltung der Lieferfristen;<br>\u2192 Einhaltung der Verpackungsvorschriften<br>\u2192 Korrektheit der Begleitdokumente der angeforderten Lieferungen;<br>\u2192 Schnelligkeit und Flexibilit\u00e4t bei der Beantwortung von Anfragen.<br>\u25aa St\u00e4ndiges Augenmerk auf die Bed\u00fcrfnisse der Kunden und ihre Zufriedenheit, um auf der Grundlage der Ergebnisse von Analysen \u00fcber den Grad der Wertsch\u00e4tzung der Lieferungen des Unternehmens eine st\u00e4ndige Verbesserung der hergestellten Produkte, der ausgef\u00fchrten Arbeiten und der angebotenen Dienstleistungen anzustreben und Initiativen zu ergreifen, die darauf abzielen, das Bewusstsein der Kunden f\u00fcr den Wert der hergestellten Produkte und der ausgef\u00fchrten Arbeiten zu erh\u00f6hen;<br>\u25aa St\u00e4ndige Aus- und Weiterbildung des Personals, um<br>\u2192 die Verbreitung einer Kultur der Qualit\u00e4t, des Umweltschutzes und der Sicherheit und Gesundheit am Arbeitsplatz in der gesamten Belegschaft des Unternehmens zu gew\u00e4hrleisten;<br>\u2192 die systematische Vermittlung der erforderlichen F\u00e4higkeiten, um einen wirksamen und effizienten Betrieb der Unternehmensprozesse sowie deren Verbesserung zu gew\u00e4hrleisten<br>\u25aa Aufwertung der Humanressourcen auf allen Ebenen, um die Motivation, das Engagement der Mitarbeiter, das Bewusstsein f\u00fcr die Bedeutung ihrer Rolle und die kontinuierliche Verbesserung zu f\u00f6rdern:<br>\u2192 der Unternehmensprozesse und -produkte;<br>\u2192 des Umweltschutzes (Boden, Untergrund, Atmosph\u00e4re und Gew\u00e4sser) und der biologischen Vielfalt (Tiere und Pflanzen);<br>\u2192 der Verh\u00fctung von Umweltverschmutzung;<br>\u2192 der Gesundheit und Sicherheit am Arbeitsplatz;<br>\u2192 der Arbeitsumgebung und der allgemeinen Effizienz.<br>\u25aa Einbindung, aktive Beteiligung, effektive und rechtzeitige Zusammenarbeit des Personals bei Probleml\u00f6sungen und Verbesserungsma\u00dfnahmen, ausgehend vom Austausch der Bed\u00fcrfnisse und Erwartungen der Beteiligten, der Risiken und M\u00f6glichkeiten f\u00fcr Verbesserungen und der Verbesserungsziele;<br>\u25aa Systematische und gewissenhafte Verwaltungs- und Instandhaltungst\u00e4tigkeiten, \u00dcberpr\u00fcfung und Kontrolle der Unternehmensinfrastruktur in \u00dcbereinstimmung mit den geltenden verbindlichen Vorschriften, um Folgendes zu gew\u00e4hrleisten:<br>\u2192 ein technologisches Niveau, das den Bed\u00fcrfnissen und Erwartungen des Unternehmens entspricht;<br>\u2192 Effektivit\u00e4t und Effizienz der Produktion;<br>\u2192 Optimierung des Verbrauchs nat\u00fcrlicher Ressourcen (Material und Energie);<br>\u2192 Vermeidung von Unf\u00e4llen und Notf\u00e4llen, die die Umwelt, die Gesundheit und die Sicherheit der Arbeitnehmer gef\u00e4hrden.<br>\u25aa Planung, Umsetzung, Kontrolle und Verbesserung der betrieblichen Kontrollen der Umweltauswirkungen im Zusammenhang mit den T\u00e4tigkeiten, Prozessen, Produkten und Dienstleistungen des Unternehmens, die so weit wie m\u00f6glich in die strategisch-operative Planung des Unternehmens integriert werden, damit sie verfolgt werden:<br>\u2192 Schutz des Bodens, des Untergrunds und des Grundwassers durch geeignete verfahrenstechnische, organisatorische und infrastrukturelle L\u00f6sungen zur Minimierung des Risikos von Freisetzungen oder anderen Bodenverunreinigungen;<br>\u2192 Optimierung des Verbrauchs von Rohstoffen, technischen Produkten und Hilfsstoffen zur Verringerung des Abfallaufkommens;<br>\u2192 Optimierung des Verbrauchs von Wasserressourcen durch Vermeidung von unsachgem\u00e4\u00dfem Gebrauch zur Verringerung des Abfallaufkommens;<br>\u2192 Systematischer und gewissenhafter Umgang mit Chemikalien, der die Vermeidung von Umweltverschmutzung, die Einhaltung der geltenden Rechtsvorschriften und die Abwesenheit verbotener gef\u00e4hrlicher Stoffe gew\u00e4hrleistet sowie die Verwendung ungef\u00e4hrlicher Chemikalien beg\u00fcnstigt;<br>\u2192 Systematischer und gewissenhafter Umgang mit Abf\u00e4llen, der die Vermeidung von Umweltverschmutzung, die Einhaltung der geltenden Rechtsvorschriften, die ordnungsgem\u00e4\u00dfe Wiederverwertung oder Entsorgung gew\u00e4hrleistet und Reparatur, Wiederverwendung, Recycling und R\u00fcckgewinnung beg\u00fcnstigt;<br>\u2192 Optimierung und Verringerung des Verbrauchs von Energieressourcen durch die Annahme spezifischer Strategien, die auf das Verhalten der Menschen, die Organisation der Unternehmenst\u00e4tigkeiten, den Einsatz von Technologien mit geringem Energieverbrauch und die Nutzung erneuerbarer Energien abzielen;<br>\u2192 Verringerung der Treibhausgasemissionen in die Atmosph\u00e4re durch den Einsatz alternativer Verfahren und Technologien, die deren Emission vermeiden und die allgemeine Dekarbonisierung der Unternehmensprozesse f\u00f6rdern;<br>\u2192 Schutz von Fauna und Flora durch Vermeidung von L\u00e4rm-, Vibrations-, Geruchs- und elektromagnetischen Emissionen aufgrund von Unternehmenst\u00e4tigkeiten, die sich auf das \u00d6kosystem und die Artenvielfalt von Tieren und Pflanzen in der Umgebung des Unternehmensgel\u00e4ndes auswirken und diese beeintr\u00e4chtigen k\u00f6nnen;<br>\u2192 Verbesserung der Umweltleistung des Unternehmens im Hinblick auf die Verringerung negativer Umweltauswirkungen und die Verbesserung positiver Umweltauswirkungen;<br>\u2192 orbeugung von umweltgef\u00e4hrdenden Notf\u00e4llen und Ergreifung geeigneter verfahrenstechnischer, organisatorischer und infrastruktureller L\u00f6sungen f\u00fcr deren wirksame und effiziente Bew\u00e4ltigung.<br>\u25aa Gew\u00e4hrleistung von Sicherheit, Gesundheit und Schutz der Mitarbeiter und Dritter, die im Auftrag des Unternehmens t\u00e4tig sind, sowohl im Hinblick auf die Verh\u00fctung von Unf\u00e4llen, Verletzungen und Berufskrankheiten als auch im Hinblick auf Schutz und Rettung;<br>\u25aa Verfolgung des Ziels \u201eNull Unf\u00e4lle\u201c durch die systematische und gewissenhafte Bewertung der Risiken f\u00fcr die Gesundheit und Sicherheit am Arbeitsplatz und die konsequente Anwendung von Pr\u00e4ventions- und Schutzma\u00dfnahmen;<br>\u25aa Strikte Einhaltung der Arbeitsvertr\u00e4ge und der einschl\u00e4gigen geltenden Vorschriften, Gew\u00e4hrleistung von Arbeitsbedingungen, die die Rechte der Arbeitnehmer, die Privatsph\u00e4re, die Chancengleichheit und die grundlegenden Menschenrechte achten;<br>\u25aa Aufrechterhaltung fruchtbarer Beziehungen zu allen Interessengruppen, die in dem Umfeld, in dem das Unternehmen t\u00e4tig ist, identifiziert wurden, um die Leistungen des Unternehmens kontinuierlich zu verbessern, auch in Bezug auf Umwelt, Gesundheit und Sicherheit am Arbeitsplatz, soziale Verantwortung und Entwicklung der Ressourcen des Gebiets.<br>\u25aa Spezifische Ziele, die mit der hierin zum Ausdruck gebrachten strategisch-operativen Vision \u00fcbereinstimmen, messbare Ziele und operative Programme f\u00fcr die Verfolgung der Qualit\u00e4ts- und Umweltpolitik sowie die Zuweisung von Ressourcen werden unter Mitwirkung aller Unternehmensleiter festgelegt und aktualisiert und in regelm\u00e4\u00dfigen \u00dcberpr\u00fcfungssitzungen von der Generaldirektion des Qualit\u00e4ts- und Umweltmanagementsystems ratifiziert.<\/p>\n\n\n\n<div class=\"wp-block-getwid-image-box getwid-animation has-text-center has-mobile-layout-default has-mobile-alignment-default\" data-animation=\"zoomSmall\"><div style=\"margin-top:35px\" class=\"wp-block-getwid-image-box__image-container is-position-top\"><a href=\"https:\/\/tgmsrl.com\/PDF\/Politica_Qualita.pdf\" class=\"wp-block-getwid-image-box__image-wrapper\"><img loading=\"lazy\" decoding=\"async\" width=\"212\" height=\"300\" src=\"https:\/\/tgmsrl.com\/wp-content\/uploads\/2024\/10\/Politica_Q.A.S_Copertina.jpg\" class=\"wp-block-getwid-image-box__image wp-image-1375\"\/><\/a><\/div><div class=\"wp-block-getwid-image-box__content\">\n<h4 class=\"wp-block-heading has-text-color has-link-color wp-elements-04a9fd712b7e2f36a88343213ee9114e\" style=\"color:#e02b20\">PDF QUALIT\u00c4TSPOLITIK <br>UMWELT NACHHALTIGKEIT<\/h4>\n<\/div><\/div>\n","protected":false},"excerpt":{"rendered":"<p>SCHUTZ DER UMWELT Seit ihrer Gr\u00fcndung im Jahr 1965 hat die TGM Srl, ein Unternehmen des Maschinenbausektors, ihre organisatorischen Anstrengungen auf die Erreichung und Aufrechterhaltung eines hohen Qualit\u00e4tsniveaus der hergestellten Produkte, der durchgef\u00fchrten Verarbeitungen und der angebotenen Serviceleistungen sowie auf ihr Image und ihren Ruf als Unternehmen gerichtet und ist so zu einem fest in [&hellip;]<\/p>\n","protected":false},"author":1,"featured_media":1790,"parent":1914,"menu_order":0,"comment_status":"closed","ping_status":"closed","template":"","meta":{"_et_pb_use_builder":"off","_et_pb_old_content":"<!-- wp:divi\/placeholder \/-->","_et_gb_content_width":"","footnotes":""},"class_list":["post-1940","page","type-page","status-publish","has-post-thumbnail","hentry"],"yoast_head":"<!-- This site is optimized with the Yoast SEO plugin v20.1 - https:\/\/yoast.com\/wordpress\/plugins\/seo\/ -->\n<title>Qualit\u00e4tspolitik Umwelt Nachhaltigkeit &mdash; TGM<\/title>\n<meta name=\"description\" content=\"F\u00fcr TGM ist es unerl\u00e4sslich, nach folgenden Punkten zu arbeiten: Umweltschutz und Einhaltung hoher Produktionsqualit\u00e4t...\" \/>\n<meta name=\"robots\" content=\"index, follow, max-snippet:-1, max-image-preview:large, max-video-preview:-1\" \/>\n<link rel=\"canonical\" href=\"https:\/\/www.tgmsrl.com\/de\/tgm-qualitaetslieferant-fuer-mechanische-praezisionsbearbeitung\/qualitaetspolitik-umwelt-nachhaltigkeit\/\" \/>\n<meta property=\"og:locale\" content=\"de_DE\" \/>\n<meta property=\"og:type\" content=\"article\" \/>\n<meta property=\"og:title\" content=\"Qualit\u00e4tspolitik Umwelt Nachhaltigkeit &mdash; TGM\" \/>\n<meta property=\"og:description\" content=\"F\u00fcr TGM ist es unerl\u00e4sslich, nach folgenden Punkten zu arbeiten: Umweltschutz und Einhaltung hoher Produktionsqualit\u00e4t...\" \/>\n<meta property=\"og:url\" content=\"https:\/\/www.tgmsrl.com\/de\/tgm-qualitaetslieferant-fuer-mechanische-praezisionsbearbeitung\/qualitaetspolitik-umwelt-nachhaltigkeit\/\" \/>\n<meta property=\"og:site_name\" content=\"TGM\" \/>\n<meta property=\"article:modified_time\" content=\"2025-09-03T14:29:21+00:00\" \/>\n<meta property=\"og:image\" content=\"https:\/\/www.tgmsrl.com\/wp-content\/uploads\/2022\/12\/Ambientale.jpg\" \/>\n\t<meta property=\"og:image:width\" content=\"2500\" \/>\n\t<meta property=\"og:image:height\" content=\"1667\" \/>\n\t<meta property=\"og:image:type\" content=\"image\/jpeg\" \/>\n<script type=\"application\/ld+json\" class=\"yoast-schema-graph\">{\"@context\":\"https:\/\/schema.org\",\"@graph\":[{\"@type\":\"WebPage\",\"@id\":\"https:\/\/www.tgmsrl.com\/de\/tgm-qualitaetslieferant-fuer-mechanische-praezisionsbearbeitung\/qualitaetspolitik-umwelt-nachhaltigkeit\/\",\"url\":\"https:\/\/www.tgmsrl.com\/de\/tgm-qualitaetslieferant-fuer-mechanische-praezisionsbearbeitung\/qualitaetspolitik-umwelt-nachhaltigkeit\/\",\"name\":\"Qualit\u00e4tspolitik Umwelt Nachhaltigkeit &mdash; TGM\",\"isPartOf\":{\"@id\":\"https:\/\/tgmmeccanicadiprecisione.it\/#website\"},\"datePublished\":\"2022-12-05T10:56:36+00:00\",\"dateModified\":\"2025-09-03T14:29:21+00:00\",\"description\":\"F\u00fcr TGM ist es unerl\u00e4sslich, nach folgenden Punkten zu arbeiten: Umweltschutz und Einhaltung hoher Produktionsqualit\u00e4t...\",\"breadcrumb\":{\"@id\":\"https:\/\/www.tgmsrl.com\/de\/tgm-qualitaetslieferant-fuer-mechanische-praezisionsbearbeitung\/qualitaetspolitik-umwelt-nachhaltigkeit\/#breadcrumb\"},\"inLanguage\":\"de\",\"potentialAction\":[{\"@type\":\"ReadAction\",\"target\":[\"https:\/\/www.tgmsrl.com\/de\/tgm-qualitaetslieferant-fuer-mechanische-praezisionsbearbeitung\/qualitaetspolitik-umwelt-nachhaltigkeit\/\"]}]},{\"@type\":\"BreadcrumbList\",\"@id\":\"https:\/\/www.tgmsrl.com\/de\/tgm-qualitaetslieferant-fuer-mechanische-praezisionsbearbeitung\/qualitaetspolitik-umwelt-nachhaltigkeit\/#breadcrumb\",\"itemListElement\":[{\"@type\":\"ListItem\",\"position\":1,\"name\":\"Home\",\"item\":\"https:\/\/www.tgmsrl.com\/de\/\"},{\"@type\":\"ListItem\",\"position\":2,\"name\":\"Das unternehmen\",\"item\":\"https:\/\/mail.tgmmeccanicadiprecisione.it\/de\/tgm-qualitaetslieferant-fuer-mechanische-praezisionsbearbeitung\/\"},{\"@type\":\"ListItem\",\"position\":3,\"name\":\"Qualit\u00e4tspolitik Umwelt Nachhaltigkeit\"}]},{\"@type\":\"WebSite\",\"@id\":\"https:\/\/tgmmeccanicadiprecisione.it\/#website\",\"url\":\"https:\/\/tgmmeccanicadiprecisione.it\/\",\"name\":\"TGM\",\"description\":\"Lavorazioni meccaniche di precisione\",\"publisher\":{\"@id\":\"https:\/\/tgmmeccanicadiprecisione.it\/#organization\"},\"alternateName\":\"TGM Meccanica di precisione\",\"potentialAction\":[{\"@type\":\"SearchAction\",\"target\":{\"@type\":\"EntryPoint\",\"urlTemplate\":\"https:\/\/tgmmeccanicadiprecisione.it\/?s={search_term_string}\"},\"query-input\":\"required name=search_term_string\"}],\"inLanguage\":\"de\"},{\"@type\":\"Organization\",\"@id\":\"https:\/\/tgmmeccanicadiprecisione.it\/#organization\",\"name\":\"TGM\",\"alternateName\":\"TGM Lavorazioni meccaniche di precisione\",\"url\":\"https:\/\/tgmmeccanicadiprecisione.it\/\",\"logo\":{\"@type\":\"ImageObject\",\"inLanguage\":\"de\",\"@id\":\"https:\/\/tgmmeccanicadiprecisione.it\/#\/schema\/logo\/image\/\",\"url\":\"https:\/\/tgmsrl.com\/wp-content\/uploads\/2022\/12\/cropped-logo-icona-sito.png\",\"contentUrl\":\"https:\/\/tgmsrl.com\/wp-content\/uploads\/2022\/12\/cropped-logo-icona-sito.png\",\"width\":512,\"height\":512,\"caption\":\"TGM\"},\"image\":{\"@id\":\"https:\/\/tgmmeccanicadiprecisione.it\/#\/schema\/logo\/image\/\"}}]}<\/script>\n<!-- \/ Yoast SEO plugin. -->","yoast_head_json":{"title":"Qualit\u00e4tspolitik Umwelt Nachhaltigkeit &mdash; TGM","description":"F\u00fcr TGM ist es unerl\u00e4sslich, nach folgenden Punkten zu arbeiten: Umweltschutz und Einhaltung hoher Produktionsqualit\u00e4t...","robots":{"index":"index","follow":"follow","max-snippet":"max-snippet:-1","max-image-preview":"max-image-preview:large","max-video-preview":"max-video-preview:-1"},"canonical":"https:\/\/www.tgmsrl.com\/de\/tgm-qualitaetslieferant-fuer-mechanische-praezisionsbearbeitung\/qualitaetspolitik-umwelt-nachhaltigkeit\/","og_locale":"de_DE","og_type":"article","og_title":"Qualit\u00e4tspolitik Umwelt Nachhaltigkeit &mdash; TGM","og_description":"F\u00fcr TGM ist es unerl\u00e4sslich, nach folgenden Punkten zu arbeiten: Umweltschutz und Einhaltung hoher Produktionsqualit\u00e4t...","og_url":"https:\/\/www.tgmsrl.com\/de\/tgm-qualitaetslieferant-fuer-mechanische-praezisionsbearbeitung\/qualitaetspolitik-umwelt-nachhaltigkeit\/","og_site_name":"TGM","article_modified_time":"2025-09-03T14:29:21+00:00","og_image":[{"width":2500,"height":1667,"url":"https:\/\/www.tgmsrl.com\/wp-content\/uploads\/2022\/12\/Ambientale.jpg","type":"image\/jpeg"}],"schema":{"@context":"https:\/\/schema.org","@graph":[{"@type":"WebPage","@id":"https:\/\/www.tgmsrl.com\/de\/tgm-qualitaetslieferant-fuer-mechanische-praezisionsbearbeitung\/qualitaetspolitik-umwelt-nachhaltigkeit\/","url":"https:\/\/www.tgmsrl.com\/de\/tgm-qualitaetslieferant-fuer-mechanische-praezisionsbearbeitung\/qualitaetspolitik-umwelt-nachhaltigkeit\/","name":"Qualit\u00e4tspolitik Umwelt Nachhaltigkeit &mdash; TGM","isPartOf":{"@id":"https:\/\/tgmmeccanicadiprecisione.it\/#website"},"datePublished":"2022-12-05T10:56:36+00:00","dateModified":"2025-09-03T14:29:21+00:00","description":"F\u00fcr TGM ist es unerl\u00e4sslich, nach folgenden Punkten zu arbeiten: Umweltschutz und Einhaltung hoher Produktionsqualit\u00e4t...","breadcrumb":{"@id":"https:\/\/www.tgmsrl.com\/de\/tgm-qualitaetslieferant-fuer-mechanische-praezisionsbearbeitung\/qualitaetspolitik-umwelt-nachhaltigkeit\/#breadcrumb"},"inLanguage":"de","potentialAction":[{"@type":"ReadAction","target":["https:\/\/www.tgmsrl.com\/de\/tgm-qualitaetslieferant-fuer-mechanische-praezisionsbearbeitung\/qualitaetspolitik-umwelt-nachhaltigkeit\/"]}]},{"@type":"BreadcrumbList","@id":"https:\/\/www.tgmsrl.com\/de\/tgm-qualitaetslieferant-fuer-mechanische-praezisionsbearbeitung\/qualitaetspolitik-umwelt-nachhaltigkeit\/#breadcrumb","itemListElement":[{"@type":"ListItem","position":1,"name":"Home","item":"https:\/\/www.tgmsrl.com\/de\/"},{"@type":"ListItem","position":2,"name":"Das unternehmen","item":"https:\/\/mail.tgmmeccanicadiprecisione.it\/de\/tgm-qualitaetslieferant-fuer-mechanische-praezisionsbearbeitung\/"},{"@type":"ListItem","position":3,"name":"Qualit\u00e4tspolitik Umwelt Nachhaltigkeit"}]},{"@type":"WebSite","@id":"https:\/\/tgmmeccanicadiprecisione.it\/#website","url":"https:\/\/tgmmeccanicadiprecisione.it\/","name":"TGM","description":"Lavorazioni meccaniche di precisione","publisher":{"@id":"https:\/\/tgmmeccanicadiprecisione.it\/#organization"},"alternateName":"TGM Meccanica di precisione","potentialAction":[{"@type":"SearchAction","target":{"@type":"EntryPoint","urlTemplate":"https:\/\/tgmmeccanicadiprecisione.it\/?s={search_term_string}"},"query-input":"required name=search_term_string"}],"inLanguage":"de"},{"@type":"Organization","@id":"https:\/\/tgmmeccanicadiprecisione.it\/#organization","name":"TGM","alternateName":"TGM Lavorazioni meccaniche di precisione","url":"https:\/\/tgmmeccanicadiprecisione.it\/","logo":{"@type":"ImageObject","inLanguage":"de","@id":"https:\/\/tgmmeccanicadiprecisione.it\/#\/schema\/logo\/image\/","url":"https:\/\/tgmsrl.com\/wp-content\/uploads\/2022\/12\/cropped-logo-icona-sito.png","contentUrl":"https:\/\/tgmsrl.com\/wp-content\/uploads\/2022\/12\/cropped-logo-icona-sito.png","width":512,"height":512,"caption":"TGM"},"image":{"@id":"https:\/\/tgmmeccanicadiprecisione.it\/#\/schema\/logo\/image\/"}}]}},"_links":{"self":[{"href":"https:\/\/www.tgmmeccanicadiprecisione.it\/de\/wp-json\/wp\/v2\/pages\/1940","targetHints":{"allow":["GET"]}}],"collection":[{"href":"https:\/\/www.tgmmeccanicadiprecisione.it\/de\/wp-json\/wp\/v2\/pages"}],"about":[{"href":"https:\/\/www.tgmmeccanicadiprecisione.it\/de\/wp-json\/wp\/v2\/types\/page"}],"author":[{"embeddable":true,"href":"https:\/\/www.tgmmeccanicadiprecisione.it\/de\/wp-json\/wp\/v2\/users\/1"}],"replies":[{"embeddable":true,"href":"https:\/\/www.tgmmeccanicadiprecisione.it\/de\/wp-json\/wp\/v2\/comments?post=1940"}],"version-history":[{"count":4,"href":"https:\/\/www.tgmmeccanicadiprecisione.it\/de\/wp-json\/wp\/v2\/pages\/1940\/revisions"}],"predecessor-version":[{"id":2195,"href":"https:\/\/www.tgmmeccanicadiprecisione.it\/de\/wp-json\/wp\/v2\/pages\/1940\/revisions\/2195"}],"up":[{"embeddable":true,"href":"https:\/\/www.tgmmeccanicadiprecisione.it\/de\/wp-json\/wp\/v2\/pages\/1914"}],"wp:featuredmedia":[{"embeddable":true,"href":"https:\/\/www.tgmmeccanicadiprecisione.it\/de\/wp-json\/wp\/v2\/media\/1790"}],"wp:attachment":[{"href":"https:\/\/www.tgmmeccanicadiprecisione.it\/de\/wp-json\/wp\/v2\/media?parent=1940"}],"curies":[{"name":"wp","href":"https:\/\/api.w.org\/{rel}","templated":true}]}}